{"id":1615,"date":"2023-03-19T15:51:52","date_gmt":"2023-03-19T15:51:52","guid":{"rendered":"https:\/\/esndoctor.com\/?page_id=1615"},"modified":"2024-07-05T21:35:56","modified_gmt":"2024-07-05T21:35:56","slug":"desbloquear-imei-oppo","status":"publish","type":"page","link":"https:\/\/esndoctor.com\/es\/desbloquear-imei-oppo\/","title":{"rendered":"Desbloquear IMEI Oppo"},"content":{"rendered":"\t\t<div data-elementor-type=\"wp-page\" data-elementor-id=\"1615\" class=\"elementor elementor-1615\" data-elementor-post-type=\"page\">\n\t\t\t\t\t\t<section class=\"elementor-section elementor-top-section elementor-element elementor-element-09653a1 elementor-section-boxed elementor-section-height-default elementor-section-height-default\" data-id=\"09653a1\" data-element_type=\"section\">\n\t\t\t\t\t\t<div class=\"elementor-container elementor-column-gap-default\">\n\t\t\t\t\t<div class=\"elementor-column elementor-col-100 elementor-top-column elementor-element elementor-element-73b5ba5\" data-id=\"73b5ba5\" data-element_type=\"column\">\n\t\t\t<div class=\"elementor-widget-wrap elementor-element-populated\">\n\t\t\t\t\t\t<div class=\"elementor-element elementor-element-d672c80 elementor-widget elementor-widget-spacer\" data-id=\"d672c80\" data-element_type=\"widget\" data-widget_type=\"spacer.default\">\n\t\t\t\t<div class=\"elementor-widget-container\">\n\t\t\t\t\t\t\t<div class=\"elementor-spacer\">\n\t\t\t<div class=\"elementor-spacer-inner\"><\/div>\n\t\t<\/div>\n\t\t\t\t\t\t<\/div>\n\t\t\t\t<\/div>\n\t\t\t\t<div class=\"elementor-element elementor-element-b4b2698 elementor-align-center elementor-widget elementor-widget-lottie\" data-id=\"b4b2698\" data-element_type=\"widget\" data-settings=\"{&quot;source_json&quot;:{&quot;url&quot;:&quot;https:\\\/\\\/esndoctor.com\\\/es\\\/wp-content\\\/uploads\\\/2022\\\/11\\\/45486-android-and-iphone.json&quot;,&quot;id&quot;:956,&quot;size&quot;:&quot;&quot;,&quot;alt&quot;:&quot;&quot;,&quot;source&quot;:&quot;library&quot;},&quot;loop&quot;:&quot;yes&quot;,&quot;play_speed&quot;:{&quot;unit&quot;:&quot;px&quot;,&quot;size&quot;:0.7,&quot;sizes&quot;:[]},&quot;source&quot;:&quot;media_file&quot;,&quot;caption_source&quot;:&quot;none&quot;,&quot;link_to&quot;:&quot;none&quot;,&quot;trigger&quot;:&quot;arriving_to_viewport&quot;,&quot;viewport&quot;:{&quot;unit&quot;:&quot;%&quot;,&quot;size&quot;:&quot;&quot;,&quot;sizes&quot;:{&quot;start&quot;:0,&quot;end&quot;:100}},&quot;start_point&quot;:{&quot;unit&quot;:&quot;%&quot;,&quot;size&quot;:0,&quot;sizes&quot;:[]},&quot;end_point&quot;:{&quot;unit&quot;:&quot;%&quot;,&quot;size&quot;:100,&quot;sizes&quot;:[]},&quot;renderer&quot;:&quot;svg&quot;}\" data-widget_type=\"lottie.default\">\n\t\t\t\t<div class=\"elementor-widget-container\">\n\t\t\t\t\t<div class=\"e-lottie__container\"><div class=\"e-lottie__animation\"><\/div><\/div>\t\t\t\t<\/div>\n\t\t\t\t<\/div>\n\t\t\t\t<div class=\"elementor-element elementor-element-6035522 elementor-widget elementor-widget-heading\" data-id=\"6035522\" data-element_type=\"widget\" data-widget_type=\"heading.default\">\n\t\t\t\t<div class=\"elementor-widget-container\">\n\t\t\t\t\t<h2 class=\"elementor-heading-title elementor-size-default\">Elimina tu Oppo de la lista negra<\/h2>\t\t\t\t<\/div>\n\t\t\t\t<\/div>\n\t\t\t\t<div class=\"elementor-element elementor-element-aa1423b elementor-align-center elementor-icon-list--layout-traditional elementor-list-item-link-full_width elementor-widget elementor-widget-icon-list\" data-id=\"aa1423b\" data-element_type=\"widget\" data-widget_type=\"icon-list.default\">\n\t\t\t\t<div class=\"elementor-widget-container\">\n\t\t\t\t\t\t\t<ul class=\"elementor-icon-list-items\">\n\t\t\t\t\t\t\t<li class=\"elementor-icon-list-item\">\n\t\t\t\t\t\t\t\t\t\t\t<span class=\"elementor-icon-list-icon\">\n\t\t\t\t\t\t\t<i aria-hidden=\"true\" class=\"fas fa-broadcast-tower\"><\/i>\t\t\t\t\t\t<\/span>\n\t\t\t\t\t\t\t\t\t\t<span class=\"elementor-icon-list-text\">Elimina Bloqueo de Red<\/span>\n\t\t\t\t\t\t\t\t\t<\/li>\n\t\t\t\t\t\t\t\t<li class=\"elementor-icon-list-item\">\n\t\t\t\t\t\t\t\t\t\t\t<span class=\"elementor-icon-list-icon\">\n\t\t\t\t\t\t\t<i aria-hidden=\"true\" class=\"fas fa-signal\"><\/i>\t\t\t\t\t\t<\/span>\n\t\t\t\t\t\t\t\t\t\t<span class=\"elementor-icon-list-text\">Arregla un IMEI o ESN Bloqueado<\/span>\n\t\t\t\t\t\t\t\t\t<\/li>\n\t\t\t\t\t\t\t\t<li class=\"elementor-icon-list-item\">\n\t\t\t\t\t\t\t\t\t\t\t<span class=\"elementor-icon-list-icon\">\n\t\t\t\t\t\t\t<i aria-hidden=\"true\" class=\"fas fa-check-double\"><\/i>\t\t\t\t\t\t<\/span>\n\t\t\t\t\t\t\t\t\t\t<span class=\"elementor-icon-list-text\">Funciona en Cualquier Oppo<\/span>\n\t\t\t\t\t\t\t\t\t<\/li>\n\t\t\t\t\t\t<\/ul>\n\t\t\t\t\t\t<\/div>\n\t\t\t\t<\/div>\n\t\t\t\t\t<\/div>\n\t\t<\/div>\n\t\t\t\t\t<\/div>\n\t\t<\/section>\n\t\t\t\t<section class=\"elementor-section elementor-top-section elementor-element elementor-element-63f2f1d elementor-section-boxed elementor-section-height-default elementor-section-height-default\" data-id=\"63f2f1d\" data-element_type=\"section\">\n\t\t\t\t\t\t<div class=\"elementor-container elementor-column-gap-default\">\n\t\t\t\t\t<div class=\"elementor-column elementor-col-100 elementor-top-column elementor-element elementor-element-6a9ad5c\" data-id=\"6a9ad5c\" data-element_type=\"column\">\n\t\t\t<div class=\"elementor-widget-wrap elementor-element-populated\">\n\t\t\t\t\t\t<div class=\"elementor-element elementor-element-0996428 elementor-align-center elementor-widget elementor-widget-button\" data-id=\"0996428\" data-element_type=\"widget\" data-widget_type=\"button.default\">\n\t\t\t\t<div class=\"elementor-widget-container\">\n\t\t\t\t\t\t\t\t\t<div class=\"elementor-button-wrapper\">\n\t\t\t\t\t<a class=\"elementor-button elementor-button-link elementor-size-sm\" href=\"https:\/\/esndoctor.com\/es\/desbloqueo-online-de-imei\/\">\n\t\t\t\t\t\t<span class=\"elementor-button-content-wrapper\">\n\t\t\t\t\t\t<span class=\"elementor-button-icon\">\n\t\t\t\t<i aria-hidden=\"true\" class=\"fas fa-unlock-alt\"><\/i>\t\t\t<\/span>\n\t\t\t\t\t\t\t\t\t<span class=\"elementor-button-text\">Elimina el Reporte de Lista Negra en tu Oppo<\/span>\n\t\t\t\t\t<\/span>\n\t\t\t\t\t<\/a>\n\t\t\t\t<\/div>\n\t\t\t\t\t\t\t\t<\/div>\n\t\t\t\t<\/div>\n\t\t\t\t\t<\/div>\n\t\t<\/div>\n\t\t\t\t\t<\/div>\n\t\t<\/section>\n\t\t\t\t<section class=\"elementor-section elementor-top-section elementor-element elementor-element-77b0af10 elementor-section-content-middle elementor-section-boxed elementor-section-height-default elementor-section-height-default\" data-id=\"77b0af10\" data-element_type=\"section\">\n\t\t\t\t\t\t<div class=\"elementor-container elementor-column-gap-no\">\n\t\t\t\t\t<div class=\"elementor-column elementor-col-50 elementor-top-column elementor-element elementor-element-1f0ac4a\" data-id=\"1f0ac4a\" data-element_type=\"column\">\n\t\t\t<div class=\"elementor-widget-wrap elementor-element-populated\">\n\t\t\t\t\t\t<div class=\"elementor-element elementor-element-7716454b elementor-widget elementor-widget-image\" data-id=\"7716454b\" data-element_type=\"widget\" data-widget_type=\"image.default\">\n\t\t\t\t<div class=\"elementor-widget-container\">\n\t\t\t\t\t\t\t\t\t\t\t\t\t\t\t\t<a href=\"https:\/\/esndoctor.com\/es\/desbloqueo-online-de-imei\/\">\n\t\t\t\t\t\t\t<img fetchpriority=\"high\" decoding=\"async\" width=\"720\" height=\"720\" src=\"https:\/\/esndoctor.com\/es\/wp-content\/uploads\/2023\/03\/Fix-IMEI-Blacklist-Bad-ESN-and-Bad-MEID-Online.png\" class=\"attachment-full size-full wp-image-1515\" alt=\"\" srcset=\"https:\/\/esndoctor.com\/es\/wp-content\/uploads\/2023\/03\/Fix-IMEI-Blacklist-Bad-ESN-and-Bad-MEID-Online.png 720w, https:\/\/esndoctor.com\/es\/wp-content\/uploads\/2023\/03\/Fix-IMEI-Blacklist-Bad-ESN-and-Bad-MEID-Online-300x300.png 300w, https:\/\/esndoctor.com\/es\/wp-content\/uploads\/2023\/03\/Fix-IMEI-Blacklist-Bad-ESN-and-Bad-MEID-Online-150x150.png 150w\" sizes=\"(max-width: 720px) 100vw, 720px\" \/>\t\t\t\t\t\t\t\t<\/a>\n\t\t\t\t\t\t\t\t\t\t\t\t\t\t\t<\/div>\n\t\t\t\t<\/div>\n\t\t\t\t\t<\/div>\n\t\t<\/div>\n\t\t\t\t<div class=\"elementor-column elementor-col-50 elementor-top-column elementor-element elementor-element-705c62e\" data-id=\"705c62e\" data-element_type=\"column\">\n\t\t\t<div class=\"elementor-widget-wrap elementor-element-populated\">\n\t\t\t\t\t\t<div class=\"elementor-element elementor-element-3e2ecc10 elementor-widget elementor-widget-heading\" data-id=\"3e2ecc10\" data-element_type=\"widget\" data-widget_type=\"heading.default\">\n\t\t\t\t<div class=\"elementor-widget-container\">\n\t\t\t\t\t<h4 class=\"elementor-heading-title elementor-size-default\">Libera tu Oppo de la Lista Negra<\/h4>\t\t\t\t<\/div>\n\t\t\t\t<\/div>\n\t\t\t\t<div class=\"elementor-element elementor-element-35ef124e elementor-widget elementor-widget-text-editor\" data-id=\"35ef124e\" data-element_type=\"widget\" data-widget_type=\"text-editor.default\">\n\t\t\t\t<div class=\"elementor-widget-container\">\n\t\t\t\t\t\t\t\t\t<p>ESNDoctor es experto en la eliminaci\u00f3n de listas negras, ofreciendo soluciones r\u00e1pidas, confiables y seguras que protegen tu privacidad y restauran por completo el uso de tu dispositivo Oppo. \u00a1Lib\u00e9rate de las restricciones y vuelve a disfrutar de todas las funciones de tu tel\u00e9fono!<\/p>\t\t\t\t\t\t\t\t<\/div>\n\t\t\t\t<\/div>\n\t\t\t\t\t<\/div>\n\t\t<\/div>\n\t\t\t\t\t<\/div>\n\t\t<\/section>\n\t\t\t\t<section class=\"elementor-section elementor-top-section elementor-element elementor-element-a91efa7 elementor-section-content-middle elementor-section-boxed elementor-section-height-default elementor-section-height-default\" data-id=\"a91efa7\" data-element_type=\"section\">\n\t\t\t\t\t\t<div class=\"elementor-container elementor-column-gap-no\">\n\t\t\t\t\t<div class=\"elementor-column elementor-col-50 elementor-top-column elementor-element elementor-element-21fec42\" data-id=\"21fec42\" data-element_type=\"column\">\n\t\t\t<div class=\"elementor-widget-wrap elementor-element-populated\">\n\t\t\t\t\t\t<div class=\"elementor-element elementor-element-20d9f47 elementor-widget elementor-widget-heading\" data-id=\"20d9f47\" data-element_type=\"widget\" data-widget_type=\"heading.default\">\n\t\t\t\t<div class=\"elementor-widget-container\">\n\t\t\t\t\t<h4 class=\"elementor-heading-title elementor-size-default\">Permanent  and Safe Unlocks<\/h4>\t\t\t\t<\/div>\n\t\t\t\t<\/div>\n\t\t\t\t<div class=\"elementor-element elementor-element-2adb411 elementor-widget elementor-widget-text-editor\" data-id=\"2adb411\" data-element_type=\"widget\" data-widget_type=\"text-editor.default\">\n\t\t\t\t<div class=\"elementor-widget-container\">\n\t\t\t\t\t\t\t\t\t<p>ESNDoctor ofrece una soluci\u00f3n permanente y segura para los problemas de lista negra, garantizando experiencias en l\u00ednea sin interrupciones, mayor seguridad y una tranquilidad duradera.<\/p>\t\t\t\t\t\t\t\t<\/div>\n\t\t\t\t<\/div>\n\t\t\t\t\t<\/div>\n\t\t<\/div>\n\t\t\t\t<div class=\"elementor-column elementor-col-50 elementor-top-column elementor-element elementor-element-7207d3c\" data-id=\"7207d3c\" data-element_type=\"column\">\n\t\t\t<div class=\"elementor-widget-wrap elementor-element-populated\">\n\t\t\t\t\t\t<div class=\"elementor-element elementor-element-8e42a6e elementor-widget elementor-widget-image\" data-id=\"8e42a6e\" data-element_type=\"widget\" data-widget_type=\"image.default\">\n\t\t\t\t<div class=\"elementor-widget-container\">\n\t\t\t\t\t\t\t\t\t\t\t\t\t\t\t<img decoding=\"async\" width=\"720\" height=\"720\" src=\"https:\/\/esndoctor.com\/es\/wp-content\/uploads\/2023\/03\/Remove-Blacklist-and-do-calls-sms-and-use-any-network.png\" class=\"attachment-full size-full wp-image-1528\" alt=\"\" srcset=\"https:\/\/esndoctor.com\/es\/wp-content\/uploads\/2023\/03\/Remove-Blacklist-and-do-calls-sms-and-use-any-network.png 720w, https:\/\/esndoctor.com\/es\/wp-content\/uploads\/2023\/03\/Remove-Blacklist-and-do-calls-sms-and-use-any-network-300x300.png 300w, https:\/\/esndoctor.com\/es\/wp-content\/uploads\/2023\/03\/Remove-Blacklist-and-do-calls-sms-and-use-any-network-150x150.png 150w\" sizes=\"(max-width: 720px) 100vw, 720px\" \/>\t\t\t\t\t\t\t\t\t\t\t\t\t\t\t<\/div>\n\t\t\t\t<\/div>\n\t\t\t\t\t<\/div>\n\t\t<\/div>\n\t\t\t\t\t<\/div>\n\t\t<\/section>\n\t\t\t\t<section class=\"elementor-section elementor-top-section elementor-element elementor-element-a6f4360 elementor-section-boxed elementor-section-height-default elementor-section-height-default\" data-id=\"a6f4360\" data-element_type=\"section\">\n\t\t\t\t\t\t<div class=\"elementor-container elementor-column-gap-default\">\n\t\t\t\t\t<div class=\"elementor-column elementor-col-100 elementor-top-column elementor-element elementor-element-40c3c4c\" data-id=\"40c3c4c\" data-element_type=\"column\">\n\t\t\t<div class=\"elementor-widget-wrap elementor-element-populated\">\n\t\t\t\t\t\t<div class=\"elementor-element elementor-element-e25f636 elementor-widget elementor-widget-text-editor\" data-id=\"e25f636\" data-element_type=\"widget\" data-widget_type=\"text-editor.default\">\n\t\t\t\t<div class=\"elementor-widget-container\">\n\t\t\t\t\t\t\t\t\t<div class=\"flex flex-grow flex-col gap-3\"><div class=\"flex items-start overflow-x-auto whitespace-pre-wrap break-words flex-col gap-4\"><div class=\"markdown prose w-full break-words dark:prose-invert light\"><p>Es dif\u00edcil no gustar de los tel\u00e9fonos Oppo. Inicialmente se concentraron en tener la mejor c\u00e1mara de smartphone cuando llegaron al mercado por primera vez, y desde entonces han mantenido los est\u00e1ndares de calidad de la marca.<\/p><p>A los usuarios les gusta mucho Oppo porque empezaron a fabricar tel\u00e9fonos en todos los niveles de precio, e incluso sus smartphones econ\u00f3micos son excelentes. Por eso es una l\u00e1stima perder un dispositivo Oppo solo por un informe de lista negra, pero eso ya no es un problema gracias a ESNDoctor.<\/p><p>Aprende en este art\u00edculo c\u00f3mo quitar el informe del IMEI de la lista negra de tu smartphone Oppo y acceder nuevamente a todas sus funciones como si nunca hubiera estado en lista negra.<\/p><h2>\u00bfPor qu\u00e9 las marcas chinas como Oppo pueden estar en lista negra?<\/h2><p>Aunque Oppo es una marca china y ese pa\u00eds no forma parte del consenso internacional de listas negras, los dispositivos Oppo pueden estar en lista negra porque se comercializan en pa\u00edses que s\u00ed forman parte de ella (como Estados Unidos). Los fabricantes que desean ingresar al mercado de un pa\u00eds deben adaptar sus dispositivos a las regulaciones del pa\u00eds para que todos los comerciantes puedan venderlos, y esto incluye habilitar el bloqueo de lista negra para que los operadores puedan activarlo si es necesario.<\/p><p>Adem\u00e1s, todos los smartphones, independientemente de su marca o modelo, deben tener un n\u00famero IMEI. Esto se aplica a todos los pa\u00edses y dispositivos celulares, por lo que poner o quitar un informe de lista negra es f\u00e1cil para todos los operadores m\u00f3viles, ya que solo se trata de registrar el n\u00famero IMEI del dispositivo en la base de datos global de lista negra.<\/p><h3>Alternativas para desbloquear un Oppo en lista negra<\/h3><p>La primera opci\u00f3n oficial es pedirle a tu operador que elimine el n\u00famero IMEI de tu Oppo de la lista negra. Sin embargo, hay ciertas condiciones que debes tener en cuenta (las explicaremos a continuaci\u00f3n).<\/p><p>Puedes cambiar el n\u00famero IMEI de tu dispositivo, esto no eliminar\u00e1 el informe, pero si funciona, puede eliminar el bloqueo de tu tel\u00e9fono (sin embargo, recomendamos encarecidamente que leas primero las desventajas de este m\u00e9todo porque es un m\u00e9todo bastante arriesgado, hablaremos de ello m\u00e1s adelante).<\/p><p>La tercera y mejor opci\u00f3n es utilizar la plataforma de desbloqueo profesional de ESNDoctor para poder eliminar el informe y el bloqueo de tu tel\u00e9fono en solo unos clics. \u00a1Consulta m\u00e1s informaci\u00f3n sobre los desbloqueos de dispositivos Oppo a continuaci\u00f3n!<\/p><h2>\u00bfEs factible contactar al operador y solicitar un desbloqueo?<\/h2><p>Es posible contactar al proveedor de red para pedirles que eliminen el n\u00famero IMEI de tu Oppo de la base de datos de lista negra, pero dado que el n\u00famero bloqueado debe tener algo que ver con un informe de p\u00e9rdida o robo, se tomar\u00e1n el caso en serio y se tomar\u00e1n su tiempo para verificar la solicitud.<\/p><p>Adem\u00e1s, deber\u00e1s presentar ciertos documentos para demostrar que tu tel\u00e9fono fue agregado err\u00f3neamente a la lista negra y que las acusaciones del informe IMEI no son v\u00e1lidas. Por ejemplo, si se trata de un informe de p\u00e9rdida o robo, deber\u00e1s demostrar que eres el propietario original del tel\u00e9fono y mostrar pruebas de propiedad.<\/p><p>Algunos de los requisitos m\u00e1s comunes son que debes ser el leg\u00edtimo propietario del tel\u00e9fono, debes tener comprobantes de que no hay saldo pendiente, una identificaci\u00f3n, el recibo y otros dependiendo de lo que se haya registrado en el informe.<\/p><h3>\u00bfPuede Oppo eliminar n\u00fameros IMEI de informes de lista negra?<\/h3><p>Uno podr\u00eda suponer que Oppo, como fabricante del dispositivo, puede ayudarte con un bloqueo tan complejo de manejar, pero la realidad es que solo los operadores m\u00f3viles pueden desbloquear n\u00fameros IMEI y eliminarlos de la base de datos de lista negra.<\/p><h2>\u00bfEs mejor eliminar el informe de lista negra o cambiar el n\u00famero IMEI del tel\u00e9fono?<\/h2><p>Como mencionamos anteriormente, cambiar el n\u00famero IMEI de tu Oppo es una posibilidad, pero no es recomendable debido a lo arriesgado que es el proceso. Si est\u00e1s interesado en cambiar el n\u00famero IMEI en Oppo o cualquier otro dispositivo celular, hay varios tutoriales disponibles en YouTube que puedes utilizar como gu\u00eda, pero antes de hacerlo, enumeraremos las desventajas que conlleva una modificaci\u00f3n como esa.<\/p><h3>Perder\u00e1s la garant\u00eda del tel\u00e9fono y las actualizaciones del sistema operativo<\/h3><p>Cuando cambias el n\u00famero IMEI de tu Oppo, pierdes todo tipo de garant\u00eda o protecci\u00f3n que el dispositivo ten\u00eda porque su IMEI no coincidir\u00e1 con el registrado. Adem\u00e1s, ten en cuenta que Oppo (como todos los dem\u00e1s fabricantes) solo env\u00eda actualizaciones del sistema operativo Android a los dispositivos que ha fabricado, por lo que dejar\u00e1s de recibir actualizaciones y el dispositivo dejar\u00e1 de funcionar tarde o temprano (se lanzar\u00e1n versiones m\u00e1s nuevas de Android y la tuya quedar\u00e1 obsoleta).<\/p><h3>Cambiar tu IMEI es ilegal en Estados Unidos<\/h3><p>Aunque no lo indique en la publicidad de las plataformas de cambio de IMEI, modificar o eliminar n\u00fameros utilizados para identificar dispositivos m\u00f3viles desde su configuraci\u00f3n de f\u00e1brica es ilegal (esto se aplica tanto a los n\u00fameros IMEI como a los n\u00fameros ESN). Si alg\u00fan operador m\u00f3vil identifica alguna irregularidad (lo m\u00e1s probable es que lo haga), lo informar\u00e1 a las autoridades y volver\u00e1 a poner en lista negra el nuevo n\u00famero IMEI de tu tel\u00e9fono.<\/p><h3>Puedes da\u00f1ar completamente el dispositivo m\u00f3vil<\/h3><p>Ten en cuenta que el n\u00famero IMEI es asignado por el fabricante y forma parte de los datos de f\u00e1brica, y los tel\u00e9fonos inteligentes no est\u00e1n dise\u00f1ados para admitir cambios en su configuraci\u00f3n de f\u00e1brica, por lo que una modificaci\u00f3n como esta puede da\u00f1ar completamente el tel\u00e9fono. Si a\u00fan deseas intentarlo, te sugerimos que llames a un especialista (no dudes en contactar a alguien que sea experto en el tema y no hagas esto por tu cuenta o con un amigo, estos cambios pueden dejar el dispositivo inutilizable por completo).<\/p><h2>\u00bfEs posible desbloquear un Oppo Find 7 con ESNDoctor?<\/h2><p>El Oppo Find 7 es una de las referencias m\u00e1s conocidas y m\u00e1s vendidas de la marca, y s\u00ed, se puede desbloquear f\u00e1cilmente, ya que nuestro software accede a n\u00fameros en lista negra en la base de datos global y elimina el informe, por lo que, independientemente de la marca o modelo del tel\u00e9fono, una vez que se elimina el informe, tambi\u00e9n se elimina el bloqueo.<\/p><p>Esa es la raz\u00f3n por la cual el programa de ESNDoctor cuenta con un nivel de compatibilidad excepcional con todos los dispositivos celulares, pero esa no es la \u00fanica ventaja que ofrece este software de eliminaci\u00f3n de lista negra.<\/p><h3>Descubre m\u00e1s sobre el proceso de desbloqueo de Oppo con ESNDoctor<\/h3><ul><li>No importa qu\u00e9 operador haya agregado tu n\u00famero IMEI a la lista negra, se puede desbloquear.<\/li><li>\u00a1Nuestro servicio es 100% gratuito!<\/li><li>La plataforma es f\u00e1cil de usar y las instrucciones son bastante claras (no necesitas ser un experto en tecnolog\u00eda para usar el programa). De hecho, hay videos tutoriales disponibles en caso de que los necesites.<\/li><li>La \u00fanica informaci\u00f3n clave que requerimos es el n\u00famero IMEI que deseas desbloquear.<\/li><li>El proceso solo te llevar\u00e1 de 10 a 15 minutos.<\/li><li>No necesitas descargar ni instalar nada en el dispositivo (archivos APK o aplicaciones de Play Store), todo es 100% en l\u00ednea.<\/li><\/ul><h2>C\u00f3mo eliminar el reporte de lista negra de tu dispositivo Oppo<\/h2><p>Eliminar el informe de lista negra de tu tel\u00e9fono Oppo es muy f\u00e1cil, simplemente visita nuestro sitio web oficial (o despl\u00e1zate hacia arriba hasta llegar a la parte superior de esta p\u00e1gina) y haz clic en el bot\u00f3n ubicado en la esquina superior derecha que dice &#8220;Desbloquear tu tel\u00e9fono&#8221;. Ver\u00e1s un breve formulario donde se te solicita:<\/p><ul><li>Tu nombre y tu direcci\u00f3n de correo electr\u00f3nico.<\/li><li>Selecciona el tipo de dispositivo que deseas desbloquear (si seleccionaste la marca incorrecta, simplemente desmarca la opci\u00f3n y selecciona la correcta).<\/li><li>Ingresa el n\u00famero IMEI del tel\u00e9fono (puedes encontrarlo yendo a la configuraci\u00f3n del tel\u00e9fono y escribiendo &#8220;n\u00famero IMEI&#8221; en la barra de b\u00fasqueda o marcando *#06# en el teclado del marcador).<\/li><li>Una vez que inicies el proceso de desbloqueo, simplemente sigue las instrucciones en la pantalla. Se te pedir\u00e1 que completes un proceso de verificaci\u00f3n y que esperes unos minutos mientras el software elimina la lista negra IMEI de tu tel\u00e9fono Oppo.<\/li><\/ul><p>Al finalizar el proceso, recibir\u00e1s un correo electr\u00f3nico de confirmaci\u00f3n y algunas instrucciones para que el dispositivo procese el desbloqueo (normalmente solo se te pedir\u00e1 que reinicies el tel\u00e9fono) y eso es todo. De todos modos, lo que recomendamos es que tengas una tarjeta SIM a mano (no tiene que ser de un operador espec\u00edfico) para que puedas probar el dispositivo desbloqueado, si puedes hacer llamadas y enviar\/recibir mensajes normalmente, significa que el proceso fue exitoso.<\/p><\/div><\/div><\/div>\t\t\t\t\t\t\t\t<\/div>\n\t\t\t\t<\/div>\n\t\t\t\t\t<\/div>\n\t\t<\/div>\n\t\t\t\t\t<\/div>\n\t\t<\/section>\n\t\t\t\t<\/div>\n\t\t","protected":false},"excerpt":{"rendered":"<p>Elimina tu Oppo de la lista negra Elimina Bloqueo de Red Arregla un IMEI o ESN Bloqueado Elimina el Reporte de Lista Negra en tu Oppo ESNDoctor es experto en la eliminaci\u00f3n de listas negras, ofreciendo soluciones r\u00e1pidas, confiables y seguras que protegen tu privacidad y restauran por completo el uso de tu dispositivo Oppo. [&hellip;]<\/p>\n","protected":false},"author":1,"featured_media":0,"parent":0,"menu_order":0,"comment_status":"closed","ping_status":"closed","template":"","meta":{"site-sidebar-layout":"no-sidebar","site-content-layout":"page-builder","ast-site-content-layout":"full-width-container","site-content-style":"unboxed","site-sidebar-style":"unboxed","ast-global-header-display":"","ast-banner-title-visibility":"","ast-main-header-display":"","ast-hfb-above-header-display":"","ast-hfb-below-header-display":"","ast-hfb-mobile-header-display":"","site-post-title":"disabled","ast-breadcrumbs-content":"","ast-featured-img":"disabled","footer-sml-layout":"","theme-transparent-header-meta":"","adv-header-id-meta":"","stick-header-meta":"","header-above-stick-meta":"","header-main-stick-meta":"","header-below-stick-meta":"","astra-migrate-meta-layouts":"set","ast-page-background-enabled":"default","ast-page-background-meta":{"desktop":{"background-color":"","background-image":"","background-repeat":"repeat","background-position":"center center","background-size":"auto","background-attachment":"scroll","background-type":"","background-media":"","overlay-type":"","overlay-color":"","overlay-opacity":"","overlay-gradient":""},"tablet":{"background-color":"","background-image":"","background-repeat":"repeat","background-position":"center center","background-size":"auto","background-attachment":"scroll","background-type":"","background-media":"","overlay-type":"","overlay-color":"","overlay-opacity":"","overlay-gradient":""},"mobile":{"background-color":"","background-image":"","background-repeat":"repeat","background-position":"center center","background-size":"auto","background-attachment":"scroll","background-type":"","background-media":"","overlay-type":"","overlay-color":"","overlay-opacity":"","overlay-gradient":""}},"ast-content-background-meta":{"desktop":{"background-color":"var(--ast-global-color-5)","background-image":"","background-repeat":"repeat","background-position":"center center","background-size":"auto","background-attachment":"scroll","background-type":"","background-media":"","overlay-type":"","overlay-color":"","overlay-opacity":"","overlay-gradient":""},"tablet":{"background-color":"var(--ast-global-color-5)","background-image":"","background-repeat":"repeat","background-position":"center center","background-size":"auto","background-attachment":"scroll","background-type":"","background-media":"","overlay-type":"","overlay-color":"","overlay-opacity":"","overlay-gradient":""},"mobile":{"background-color":"var(--ast-global-color-5)","background-image":"","background-repeat":"repeat","background-position":"center center","background-size":"auto","background-attachment":"scroll","background-type":"","background-media":"","overlay-type":"","overlay-color":"","overlay-opacity":"","overlay-gradient":""}},"footnotes":""},"class_list":["post-1615","page","type-page","status-publish","hentry"],"_links":{"self":[{"href":"https:\/\/esndoctor.com\/es\/wp-json\/wp\/v2\/pages\/1615","targetHints":{"allow":["GET"]}}],"collection":[{"href":"https:\/\/esndoctor.com\/es\/wp-json\/wp\/v2\/pages"}],"about":[{"href":"https:\/\/esndoctor.com\/es\/wp-json\/wp\/v2\/types\/page"}],"author":[{"embeddable":true,"href":"https:\/\/esndoctor.com\/es\/wp-json\/wp\/v2\/users\/1"}],"replies":[{"embeddable":true,"href":"https:\/\/esndoctor.com\/es\/wp-json\/wp\/v2\/comments?post=1615"}],"version-history":[{"count":0,"href":"https:\/\/esndoctor.com\/es\/wp-json\/wp\/v2\/pages\/1615\/revisions"}],"wp:attachment":[{"href":"https:\/\/esndoctor.com\/es\/wp-json\/wp\/v2\/media?parent=1615"}],"curies":[{"name":"wp","href":"https:\/\/api.w.org\/{rel}","templated":true}]}}